{"id":539,"date":"2020-11-05T16:27:31","date_gmt":"2020-11-05T15:27:31","guid":{"rendered":"https:\/\/www.neolithique2point0.com\/?post_type=product&#038;p=539"},"modified":"2023-06-10T08:44:11","modified_gmt":"2023-06-10T06:44:11","slug":"red-right-hand","status":"publish","type":"product","link":"https:\/\/www.neolithique2point0.com\/?product=red-right-hand","title":{"rendered":"Caisse de Red Right Hand"},"content":{"rendered":"","protected":false},"excerpt":{"rendered":"<p>&nbsp;<\/p>\n<p align=\"JUSTIFY\"><span style=\"color: #000000;\"><span style=\"font-family: Gabriele Bad AH;\"><span style=\"font-size: small;\">La main droite rouge est le symbole des clans historiques de l&#8217;Ulster. Cela incarne la force, l&#8217;unit\u00e9 et caract\u00e8re , tout comme le vin d&#8217;orge vieilli en f\u00fbt de bourbon de la brasserie Brehon. Elle a de belles nuances rouges et un go\u00fbt de terre humide. La Red Right Hand reste facile \u00e0 boire malgr\u00e9 ses 11%. Le vieillissement en f\u00fbt la rend douce en bouche.<\/span><\/span><\/span><\/p>\n<p>&nbsp;<\/p>\n<p align=\"JUSTIFY\"><span style=\"color: #000000;\"><span style=\"font-family: Gabriele Bad AH;\"><span style=\"font-size: small;\">Alcool 11 % du volume<\/span><\/span><\/span><\/p>\n<p align=\"JUSTIFY\"><span style=\"color: #000000;\"><span style=\"font-family: Gabriele Bad AH;\"><span style=\"font-size: small;\">Vendue par caisse de 8 bouteilles de 50 cl.<\/span><\/span><\/span><\/p>\n<p>&nbsp;<\/p>\n","protected":false},"featured_media":540,"template":"","meta":[],"product_cat":[53],"product_tag":[],"jetpack_sharing_enabled":false,"_links":{"self":[{"href":"https:\/\/www.neolithique2point0.com\/index.php?rest_route=\/wp\/v2\/product\/539"}],"collection":[{"href":"https:\/\/www.neolithique2point0.com\/index.php?rest_route=\/wp\/v2\/product"}],"about":[{"href":"https:\/\/www.neolithique2point0.com\/index.php?rest_route=\/wp\/v2\/types\/product"}],"wp:featuredmedia":[{"embeddable":true,"href":"https:\/\/www.neolithique2point0.com\/index.php?rest_route=\/wp\/v2\/media\/540"}],"wp:attachment":[{"href":"https:\/\/www.neolithique2point0.com\/index.php?rest_route=%2Fwp%2Fv2%2Fmedia&parent=539"}],"wp:term":[{"taxonomy":"product_cat","embeddable":true,"href":"https:\/\/www.neolithique2point0.com\/index.php?rest_route=%2Fwp%2Fv2%2Fproduct_cat&post=539"},{"taxonomy":"product_tag","embeddable":true,"href":"https:\/\/www.neolithique2point0.com\/index.php?rest_route=%2Fwp%2Fv2%2Fproduct_tag&post=539"}],"curies":[{"name":"wp","href":"https:\/\/api.w.org\/{rel}","templated":true}]}}