{"id":520,"date":"2020-11-04T10:23:31","date_gmt":"2020-11-04T09:23:31","guid":{"rendered":"https:\/\/www.neolithique2point0.com\/?post_type=product&#038;p=520"},"modified":"2023-10-05T17:39:59","modified_gmt":"2023-10-05T15:39:59","slug":"brehon-blonde","status":"publish","type":"product","link":"https:\/\/www.neolithique2point0.com\/?product=brehon-blonde","title":{"rendered":"Caisse de Brehon Blonde"},"content":{"rendered":"<p align=\"JUSTIFY\"><span style=\"color: #000000;\"><span style=\"font-family: Gabriele Bad AH;\"><span style=\"font-size: small;\">Une bi\u00e8re blonde p\u00e2le avec une finition malt\u00e9e et biscuit\u00e9e. Fabuleuse avec du poisson blanc, des crustac\u00e9s, du poulet, BBQ ou cuisine m\u00e9diterran\u00e9enne, mais tout aussi agr\u00e9able en d\u00e9gustation seule.\u00a0 <\/span><\/span><\/span><span style=\"color: #000000;\"><span style=\"font-family: Gabriele Bad AH;\"><span style=\"font-size: small;\">Alcool 4,3% du volume<\/span><\/span><\/span><\/p>\n<p align=\"JUSTIFY\"><span style=\"color: #000000;\"><span style=\"font-family: Gabriele Bad AH;\"><span style=\"font-size: small;\">Vendue par caisse de 8 bouteilles de 50 cl.<\/span><\/span><\/span><\/p>\n<p align=\"JUSTIFY\">Des dates de pr\u00e9f\u00e9rence d\u00e9pass\u00e9es de quelques jours voire quelques semaines. A consommer dans les 6 mois.<\/p>\n","protected":false},"excerpt":{"rendered":"<p align=\"JUSTIFY\"><span style=\"color: #000000;\"><span style=\"font-family: Gabriele Bad AH;\"><span style=\"font-size: small;\">Une bi\u00e8re blonde p\u00e2le avec une finition malt\u00e9e et biscuit\u00e9e. Fabuleuse avec du poisson blanc, des crustac\u00e9s, du poulet, BBQ ou cuisine m\u00e9diterran\u00e9enne, mais tout aussi agr\u00e9able en d\u00e9gustation seule. <\/span><\/span><\/span><\/p>\n<p align=\"JUSTIFY\"><span style=\"color: #000000;\"><span style=\"font-family: Gabriele Bad AH;\"><span style=\"font-size: small;\">Alcool 4,3% du volume<\/span><\/span><\/span><\/p>\n<p align=\"JUSTIFY\"><span style=\"color: #000000;\"><span style=\"font-family: Gabriele Bad AH;\"><span style=\"font-size: small;\"> Vendue par caisse de 8 bouteilles de 50 cl.<\/span><\/span><\/span><\/p>\n<p align=\"JUSTIFY\">Des dates de pr\u00e9f\u00e9rence d\u00e9pass\u00e9es de quelques jours voire quelques semaines. A consommer dans les 6 mois.<\/p>\n<p>&nbsp;<\/p>\n","protected":false},"featured_media":521,"template":"","meta":[],"product_cat":[59],"product_tag":[],"jetpack_sharing_enabled":false,"_links":{"self":[{"href":"https:\/\/www.neolithique2point0.com\/index.php?rest_route=\/wp\/v2\/product\/520"}],"collection":[{"href":"https:\/\/www.neolithique2point0.com\/index.php?rest_route=\/wp\/v2\/product"}],"about":[{"href":"https:\/\/www.neolithique2point0.com\/index.php?rest_route=\/wp\/v2\/types\/product"}],"wp:featuredmedia":[{"embeddable":true,"href":"https:\/\/www.neolithique2point0.com\/index.php?rest_route=\/wp\/v2\/media\/521"}],"wp:attachment":[{"href":"https:\/\/www.neolithique2point0.com\/index.php?rest_route=%2Fwp%2Fv2%2Fmedia&parent=520"}],"wp:term":[{"taxonomy":"product_cat","embeddable":true,"href":"https:\/\/www.neolithique2point0.com\/index.php?rest_route=%2Fwp%2Fv2%2Fproduct_cat&post=520"},{"taxonomy":"product_tag","embeddable":true,"href":"https:\/\/www.neolithique2point0.com\/index.php?rest_route=%2Fwp%2Fv2%2Fproduct_tag&post=520"}],"curies":[{"name":"wp","href":"https:\/\/api.w.org\/{rel}","templated":true}]}}