{"id":409,"date":"2020-11-06T08:56:21","date_gmt":"2020-11-06T07:56:21","guid":{"rendered":"https:\/\/www.neolithique2point0.com\/?post_type=product&#038;p=409"},"modified":"2023-10-05T17:38:35","modified_gmt":"2023-10-05T15:38:35","slug":"crann-beatha","status":"publish","type":"product","link":"https:\/\/www.neolithique2point0.com\/?product=crann-beatha","title":{"rendered":"Caisse de Crann Beatha"},"content":{"rendered":"","protected":false},"excerpt":{"rendered":"<p>&nbsp;<\/p>\n<p align=\"JUSTIFY\"><span style=\"color: #000000;\"><span style=\"font-family: Gabriele Bad AH;\"><span style=\"font-size: small;\">Bi\u00e8re brune vieillie en f\u00fbt de whisky, notes chocolat\u00e9es. Une c\u00e9l\u00e9bration de leur 200\u00e8me brassage.<\/span><\/span><\/span><\/p>\n<p>&nbsp;<\/p>\n<p align=\"JUSTIFY\"><span style=\"color: #000000;\"><span style=\"font-family: Gabriele Bad AH;\"><span style=\"font-size: small;\">Alcool 10 % du volume<\/span><\/span><\/span><\/p>\n<p align=\"JUSTIFY\"><span style=\"color: #000000;\"><span style=\"font-family: Gabriele Bad AH;\"><span style=\"font-size: small;\">Vendue par caisse de 8 bouteilles de 50 cl.<\/span><\/span><\/span><\/p>\n<p>&nbsp;<\/p>\n","protected":false},"featured_media":516,"template":"","meta":[],"product_cat":[50],"product_tag":[],"jetpack_sharing_enabled":false,"_links":{"self":[{"href":"https:\/\/www.neolithique2point0.com\/index.php?rest_route=\/wp\/v2\/product\/409"}],"collection":[{"href":"https:\/\/www.neolithique2point0.com\/index.php?rest_route=\/wp\/v2\/product"}],"about":[{"href":"https:\/\/www.neolithique2point0.com\/index.php?rest_route=\/wp\/v2\/types\/product"}],"wp:featuredmedia":[{"embeddable":true,"href":"https:\/\/www.neolithique2point0.com\/index.php?rest_route=\/wp\/v2\/media\/516"}],"wp:attachment":[{"href":"https:\/\/www.neolithique2point0.com\/index.php?rest_route=%2Fwp%2Fv2%2Fmedia&parent=409"}],"wp:term":[{"taxonomy":"product_cat","embeddable":true,"href":"https:\/\/www.neolithique2point0.com\/index.php?rest_route=%2Fwp%2Fv2%2Fproduct_cat&post=409"},{"taxonomy":"product_tag","embeddable":true,"href":"https:\/\/www.neolithique2point0.com\/index.php?rest_route=%2Fwp%2Fv2%2Fproduct_tag&post=409"}],"curies":[{"name":"wp","href":"https:\/\/api.w.org\/{rel}","templated":true}]}}