{"id":1372,"date":"2022-09-17T19:07:33","date_gmt":"2022-09-17T17:07:33","guid":{"rendered":"https:\/\/www.neolithique2point0.com\/?post_type=product&#038;p=1372"},"modified":"2023-06-10T08:43:29","modified_gmt":"2023-06-10T06:43:29","slug":"oaks-mirrors","status":"publish","type":"product","link":"https:\/\/www.neolithique2point0.com\/?product=oaks-mirrors","title":{"rendered":"Caisse d&#8217;Oaks &#038; Mirrors"},"content":{"rendered":"<p>Brune vieillie en f\u00fbt de whiskey \u00e0 7.5% avec des notes de vanille, fruits secs, chocolat et r\u00e9glisse.<\/p>\n<p>Une caisse de 8 bouteilles de 50cl<\/p>\n<p>Eau, orge malt\u00e9, houblon et levure<\/p>\n<p>&nbsp;<\/p>\n","protected":false},"excerpt":{"rendered":"<p>Brune vieillie en f\u00fbt de whiskey \u00e0 7.5% avec des notes de vanille, fruits secs, chocolat et r\u00e9glisse. Une caisse de 8 bouteilles de 50cl Eau, orge malt\u00e9, houblon et levure &nbsp;<\/p>\n","protected":false},"featured_media":1373,"template":"","meta":[],"product_cat":[29],"product_tag":[],"jetpack_sharing_enabled":true,"_links":{"self":[{"href":"https:\/\/www.neolithique2point0.com\/index.php?rest_route=\/wp\/v2\/product\/1372"}],"collection":[{"href":"https:\/\/www.neolithique2point0.com\/index.php?rest_route=\/wp\/v2\/product"}],"about":[{"href":"https:\/\/www.neolithique2point0.com\/index.php?rest_route=\/wp\/v2\/types\/product"}],"wp:featuredmedia":[{"embeddable":true,"href":"https:\/\/www.neolithique2point0.com\/index.php?rest_route=\/wp\/v2\/media\/1373"}],"wp:attachment":[{"href":"https:\/\/www.neolithique2point0.com\/index.php?rest_route=%2Fwp%2Fv2%2Fmedia&parent=1372"}],"wp:term":[{"taxonomy":"product_cat","embeddable":true,"href":"https:\/\/www.neolithique2point0.com\/index.php?rest_route=%2Fwp%2Fv2%2Fproduct_cat&post=1372"},{"taxonomy":"product_tag","embeddable":true,"href":"https:\/\/www.neolithique2point0.com\/index.php?rest_route=%2Fwp%2Fv2%2Fproduct_tag&post=1372"}],"curies":[{"name":"wp","href":"https:\/\/api.w.org\/{rel}","templated":true}]}}